{"id":1312,"date":"2021-09-23T14:06:01","date_gmt":"2021-09-23T11:06:01","guid":{"rendered":"https:\/\/www.indir.com\/haber\/?page_id=1312"},"modified":"2022-11-25T14:04:24","modified_gmt":"2022-11-25T11:04:24","slug":"iletisim","status":"publish","type":"page","link":"https:\/\/www.indir.com\/haber\/iletisim\/","title":{"rendered":"\u0130leti\u015fim"},"content":{"rendered":"<h1>ileti\u015fim<\/h1>\t\t\n\t\t\n<p>\u0130mza \u0130nternet Teknolojileri San. ve Tic. Ltd. \u015eti.<br>Esentepe Mh. Kasap Sk. No:13 Daire: 4 \u015ei\u015fli\/\u0130STANBUL<br>0216 201 1002<br>bilgi@imza.com<\/p>\n","protected":false},"excerpt":{"rendered":"<p>ileti\u015fim \u0130mza \u0130nternet Teknolojileri San. ve Tic. Ltd. \u015eti.Esentepe Mh. Kasap Sk. No:13 Daire: 4 \u015ei\u015fli\/\u0130STANBUL0216 201 1002bilgi@imza.com<\/p>\n","protected":false},"author":1,"featured_media":0,"parent":0,"menu_order":0,"comment_status":"closed","ping_status":"closed","template":"","meta":{"footnotes":""},"class_list":["post-1312","page","type-page","status-publish","hentry"],"_links":{"self":[{"href":"https:\/\/www.indir.com\/haber\/wp-json\/wp\/v2\/pages\/1312","targetHints":{"allow":["GET"]}}],"collection":[{"href":"https:\/\/www.indir.com\/haber\/wp-json\/wp\/v2\/pages"}],"about":[{"href":"https:\/\/www.indir.com\/haber\/wp-json\/wp\/v2\/types\/page"}],"author":[{"embeddable":true,"href":"https:\/\/www.indir.com\/haber\/wp-json\/wp\/v2\/users\/1"}],"replies":[{"embeddable":true,"href":"https:\/\/www.indir.com\/haber\/wp-json\/wp\/v2\/comments?post=1312"}],"version-history":[{"count":0,"href":"https:\/\/www.indir.com\/haber\/wp-json\/wp\/v2\/pages\/1312\/revisions"}],"wp:attachment":[{"href":"https:\/\/www.indir.com\/haber\/wp-json\/wp\/v2\/media?parent=1312"}],"curies":[{"name":"wp","href":"https:\/\/api.w.org\/{rel}","templated":true}]}}