{"id":1310,"date":"2021-09-23T14:04:34","date_gmt":"2021-09-23T11:04:34","guid":{"rendered":"https:\/\/www.indir.com\/haber\/?page_id=1310"},"modified":"2024-12-30T23:06:42","modified_gmt":"2024-12-30T20:06:42","slug":"kunye","status":"publish","type":"page","link":"https:\/\/www.indir.com\/haber\/kunye\/","title":{"rendered":"K\u00fcnye"},"content":{"rendered":"\n<h2 class=\"wp-block-heading\"><strong>\u0130mtiyaz Sahibi<\/strong><\/h2>\n\n\n\n<p>Hasan Ya\u015far<strong><br><\/strong>hasan@imza.com<\/p>\n\n\n\n<h2 class=\"wp-block-heading\"><strong>Genel Yay\u0131n Y\u00f6netmeni<\/strong><\/h2>\n\n\n\n<p>Deniz Yaylac\u0131<br>deniz@imza.com<\/p>\n\n\n\n<p>Melik\u015fah Mh. Zuhal Sk. No:4\/2 Meram\/Konya<\/p>\n\n\n\n<p>0542 421 46 92 (Pbx)<br>(Hafta i\u00e7i 09:00-17:00)<br><a href=\"https:\/\/www.indir.com\">www.indir.com<\/a><\/p>\n\n\n\n<h2 class=\"wp-block-heading\"><strong>Hukuk Dan\u0131\u015fman\u0131<\/strong><\/h2>\n\n\n\n<p>Av. Hasan Ya\u015far<\/p>\n\n\n\n<h2 class=\"wp-block-heading\"><strong>\u0130leti\u015fim&nbsp;Epostas\u0131<\/strong><\/h2>\n\n\n\n<p>bilgi@indir.com<\/p>\n\n\n\n<h2 class=\"wp-block-heading\"><strong>Yer Sa\u011flay\u0131c\u0131 \/ Hosting<\/strong><\/h2>\n\n\n\n<p>Talido Bili\u015fim Teknolojileri A.\u015e.<br>M. \u015eevket Pa\u015fa Mh. G\u00fcrsel Sk. No:14\/B Okmeydan\u0131 \u015ei\u015fli<br>+90 (850) 304 71 04 (PBX)<br>info@sunucucozumleri.com<\/p>\n\n\n\n<h2 class=\"wp-block-heading\"><strong>ED\u0130T\u00d6RLER<\/strong><\/h2>\n\n\n\n<h2 class=\"wp-block-heading\"><strong>Hakan G\u00f6\u00e7mez<\/strong><\/h2>\n\n\n\n<p>hakan@indir.com<\/p>\n\n\n\n<h2 class=\"wp-block-heading\"><strong>Ay\u00e7a Yurttarslan<\/strong><\/h2>\n\n\n\n<p>ayca@indir.com<\/p>\n\n\n\n<h2 class=\"wp-block-heading\"><strong>Onur K\u00f6se<\/strong> <\/h2>\n\n\n\n<p>onur@indir.com<\/p>\n\n\n\n<h2 class=\"wp-block-heading\">Oyun Edit\u00f6r\u00fc<\/h2>\n\n\n\n<p><strong>\u00d6zlem \u00d6zbek<\/strong><\/p>\n\n\n\n<p>ozlem@indir.com<\/p>\n\n\n\n<h2 class=\"wp-block-heading\"><strong>Gece Vardiyas\u0131 Edit\u00f6r\u00fc<\/strong><\/h2>\n\n\n\n<h2 class=\"wp-block-heading\"><strong>Hakan G\u00f6\u00e7mez<\/strong><\/h2>\n\n\n\n<p>hakan@indir.com<\/p>\n\n\n\n<h2 class=\"wp-block-heading\"><strong>Grafik Tasar\u0131m UI\/UX<\/strong><\/h2>\n\n\n\n<p>Hasan Yal\u00e7\u0131n<\/p>\n\n\n\n<h2 class=\"wp-block-heading\"><strong>Frontend<\/strong><\/h2>\n\n\n\n<p>\u015eirzat Ayta\u00e7<\/p>\n\n\n\n<h2 class=\"wp-block-heading\"><strong>Mali M\u00fc\u015favir<\/strong><\/h2>\n\n\n\n<p>Ahmet \u0130skender<\/p>\n\n\n\n<h2 class=\"wp-block-heading\"><strong>Reklam Sorumlusu<\/strong><\/h2>\n\n\n\n<p>Pelin Bozda\u011f<br>bilgi@indir.com<\/p>\n\n\n\n<h2 class=\"wp-block-heading\"><strong><br>Yaz\u0131l\u0131m ve Teknik Destek<\/strong><\/h2>\n\n\n\n<p>Hasan Ya\u015far<br>hasan@indir.com<\/p>\n\n\n\n<h2 class=\"wp-block-heading\"><strong>Haber Politikam\u0131z<\/strong><\/h2>\n\n\n\n<p>Sitemiz yay\u0131nlam\u0131\u015f oldu\u011fu ve yay\u0131nlamaya devam etti\u011fi haberlerde konu alan olaylara ve ki\u015filere yorum yapmadan tarafs\u0131z ve sadece meydana gelen olaylar\u0131 okuyucular\u0131na bildirmektedir. Hi\u00e7 bir olay\u0131 g\u00f6z ard\u0131 etmeden her ne olduysa a\u00e7\u0131klay\u0131p okuyucular\u0131na sunmay\u0131 hedefler, sitemiz indir.com\u2019da yay\u0131nlanan i\u00e7erikler T\u00fcrkiye Cumhuriyeti yasalar\u0131na %100 uygun olarak&nbsp;yay\u0131nlanmaktad\u0131r, yay\u0131nlanan her t\u00fcrl\u00fc resim, bilgi, metin ve haber telif hakk\u0131 sahiplerinden yaz\u0131l\u0131 izin al\u0131nmak&nbsp;sureti ile yay\u0131nlanmaktad\u0131r.<\/p>\n\n\n\n<h2 class=\"wp-block-heading\"><strong>Yasal Bildirimler \u0130\u00e7in&nbsp;<\/strong><\/h2>\n\n\n\n<p>indir.com adl\u0131 program tan\u0131t\u0131m ve haber sitemiz, hukuka, yasalara, telif haklar\u0131na ve ki\u015filik haklar\u0131na sayg\u0131l\u0131 olmay\u0131 kendinde benimsemi\u015ftir. Sitemiz 5651 say\u0131l\u0131 yasada tan\u0131mlanan \u2018i\u00e7erik sa\u011flay\u0131c\u0131\u2019 olarak hizmet vermektedir. \u0130lgili yasaya g\u00f6re, site y\u00f6netiminin hukuka ayk\u0131r\u0131 i\u00e7erikleri kontrol etme y\u00fck\u00fcml\u00fcl\u00fc\u011f\u00fc yoktur. Bu sebeble, sitemiz \u2018uyar ve kald\u0131r\u2019 prensibini benimsemi\u015ftir. Her hangi bir haberden dolay\u0131 rahats\u0131zl\u0131k ya\u015fayan haberin ger\u00e7ekli\u011finden \u015f\u00fcphe eden ve TEL\u0130F konu olan eserlerin yasal olmayan bir bi\u00e7imde payla\u015f\u0131ld\u0131\u011f\u0131n\u0131 ve yasal haklar\u0131n \u00e7i\u011fnendi\u011fini d\u00fc\u015f\u00fcnen hak sahipleri meslek birlikleri,&nbsp;<strong>bilgi@indir.com<\/strong>&nbsp;mail adresinden veya<strong>&nbsp;<a href=\"https:\/\/www.indir.com\/iletisim\">\u0130LET\u0130\u015e\u0130M FORMU<\/a>&nbsp;<\/strong>ile bize ula\u015fabilirler. Buraya ula\u015fan \u015fikayet ve talepleriniz avukat\u0131m\u0131z Av. \u0130nan Soydan taraf\u0131ndan incelenecek, ve ihlal oldu\u011fu d\u00fc\u015f\u00fcn\u00fclen i\u00e7erikler sitemizden derhal kald\u0131r\u0131lacakt\u0131r.<\/p>\n\n\n\n<p><strong>Sitedeki t\u00fcm harici linkler ayr\u0131 bir sayfada a\u00e7\u0131l\u0131r.<br>indir.com&nbsp;Harici linklerin sorumlulu\u011funu almaz.<\/strong><\/p>\n","protected":false},"excerpt":{"rendered":"<p>\u0130mtiyaz Sahibi Hasan Ya\u015farhasan@imza.com Genel Yay\u0131n Y\u00f6netmeni Deniz Yaylac\u0131deniz@imza.com Melik\u015fah Mh. Zuhal Sk. No:4\/2 Meram\/Konya 0542 421 46 92 (Pbx)(Hafta i\u00e7i 09:00-17:00)www.indir.com Hukuk Dan\u0131\u015fman\u0131 Av. Hasan Ya\u015far \u0130leti\u015fim&nbsp;Epostas\u0131 bilgi@indir.com Yer Sa\u011flay\u0131c\u0131 \/ Hosting Talido Bili\u015fim Teknolojileri A.\u015e.M. \u015eevket Pa\u015fa Mh. G\u00fcrsel Sk. No:14\/B Okmeydan\u0131 \u015ei\u015fli+90 (850) 304 71 04 (PBX)info@sunucucozumleri.com ED\u0130T\u00d6RLER Hakan G\u00f6\u00e7mez hakan@indir.com Ay\u00e7a [&hellip;]<\/p>\n","protected":false},"author":1,"featured_media":0,"parent":0,"menu_order":0,"comment_status":"closed","ping_status":"closed","template":"","meta":{"footnotes":""},"class_list":["post-1310","page","type-page","status-publish","hentry"],"_links":{"self":[{"href":"https:\/\/www.indir.com\/haber\/wp-json\/wp\/v2\/pages\/1310","targetHints":{"allow":["GET"]}}],"collection":[{"href":"https:\/\/www.indir.com\/haber\/wp-json\/wp\/v2\/pages"}],"about":[{"href":"https:\/\/www.indir.com\/haber\/wp-json\/wp\/v2\/types\/page"}],"author":[{"embeddable":true,"href":"https:\/\/www.indir.com\/haber\/wp-json\/wp\/v2\/users\/1"}],"replies":[{"embeddable":true,"href":"https:\/\/www.indir.com\/haber\/wp-json\/wp\/v2\/comments?post=1310"}],"version-history":[{"count":0,"href":"https:\/\/www.indir.com\/haber\/wp-json\/wp\/v2\/pages\/1310\/revisions"}],"wp:attachment":[{"href":"https:\/\/www.indir.com\/haber\/wp-json\/wp\/v2\/media?parent=1310"}],"curies":[{"name":"wp","href":"https:\/\/api.w.org\/{rel}","templated":true}]}}