{"id":1308,"date":"2021-09-23T14:02:02","date_gmt":"2021-09-23T11:02:02","guid":{"rendered":"https:\/\/www.indir.com\/haber\/?page_id=1308"},"modified":"2022-09-08T16:01:18","modified_gmt":"2022-09-08T13:01:18","slug":"telif-hakki","status":"publish","type":"page","link":"https:\/\/www.indir.com\/haber\/telif-hakki\/","title":{"rendered":"Telif Hakk\u0131"},"content":{"rendered":"\n<h1 class=\"wp-block-heading\">Telif Hakk\u0131<\/h1>\n\n\n\n<p>indir.com &#8216;da telif haklar\u0131na ayk\u0131r\u0131 herhangi bir i\u00e7erik bar\u0131nd\u0131rmamaktay\u0131z. Sitemiz, 5651 say\u0131l\u0131 yasa ile tan\u0131mlanan &#8220;yer sa\u011flay\u0131c\u0131&#8221; olarak hizmet vermektedir. Bu yasa kapsam\u0131nda, indir.com site y\u00f6netiminin hukuka ayk\u0131r\u0131 i\u00e7erikleri kontrol etme y\u00fck\u00fcml\u00fcl\u00fc\u011f\u00fc bulunmamaktad\u0131r.<\/p>\n\n\n\n<p>Telif haklar\u0131na ayk\u0131r\u0131 oldu\u011fu d\u00fc\u015f\u00fcn\u00fclen programlar\u0131n veya i\u00e7eriklerin sahipleri veya meslek birlikleri bize&nbsp;<strong><a href=\"mailto:telifhakki@indir.com\">telifhakki@indir.com<\/a><\/strong>&nbsp;eposta adresi veya&nbsp;<a href=\"https:\/\/www.indir.com\/iletisim\"><strong>ileti\u015fim formu<\/strong><\/a>&nbsp;vas\u0131tas\u0131 ile bize ula\u015fabilirler.<\/p>\n\n\n\n<p>Sitemize gelen t\u00fcm talep ve \u015fikayetler \u00f6ncelikle avukatlar\u0131m\u0131z taraf\u0131ndan incelenir ve \u015fikayet yerinde g\u00f6r\u00fcld\u00fc\u011f\u00fc takdirde ihlal bulunan i\u00e7erik sitemizden kald\u0131r\u0131l\u0131r.<\/p>\n","protected":false},"excerpt":{"rendered":"<p>Telif Hakk\u0131 indir.com &#8216;da telif haklar\u0131na ayk\u0131r\u0131 herhangi bir i\u00e7erik bar\u0131nd\u0131rmamaktay\u0131z. Sitemiz, 5651 say\u0131l\u0131 yasa ile tan\u0131mlanan &#8220;yer sa\u011flay\u0131c\u0131&#8221; olarak hizmet vermektedir. Bu yasa kapsam\u0131nda, indir.com site y\u00f6netiminin hukuka ayk\u0131r\u0131 i\u00e7erikleri kontrol etme y\u00fck\u00fcml\u00fcl\u00fc\u011f\u00fc bulunmamaktad\u0131r. Telif haklar\u0131na ayk\u0131r\u0131 oldu\u011fu d\u00fc\u015f\u00fcn\u00fclen programlar\u0131n veya i\u00e7eriklerin sahipleri veya meslek birlikleri bize&nbsp;telifhakki@indir.com&nbsp;eposta adresi veya&nbsp;ileti\u015fim formu&nbsp;vas\u0131tas\u0131 ile bize ula\u015fabilirler. Sitemize [&hellip;]<\/p>\n","protected":false},"author":1,"featured_media":0,"parent":0,"menu_order":0,"comment_status":"closed","ping_status":"closed","template":"","meta":{"footnotes":""},"class_list":["post-1308","page","type-page","status-publish","hentry"],"_links":{"self":[{"href":"https:\/\/www.indir.com\/haber\/wp-json\/wp\/v2\/pages\/1308","targetHints":{"allow":["GET"]}}],"collection":[{"href":"https:\/\/www.indir.com\/haber\/wp-json\/wp\/v2\/pages"}],"about":[{"href":"https:\/\/www.indir.com\/haber\/wp-json\/wp\/v2\/types\/page"}],"author":[{"embeddable":true,"href":"https:\/\/www.indir.com\/haber\/wp-json\/wp\/v2\/users\/1"}],"replies":[{"embeddable":true,"href":"https:\/\/www.indir.com\/haber\/wp-json\/wp\/v2\/comments?post=1308"}],"version-history":[{"count":0,"href":"https:\/\/www.indir.com\/haber\/wp-json\/wp\/v2\/pages\/1308\/revisions"}],"wp:attachment":[{"href":"https:\/\/www.indir.com\/haber\/wp-json\/wp\/v2\/media?parent=1308"}],"curies":[{"name":"wp","href":"https:\/\/api.w.org\/{rel}","templated":true}]}}