{"id":1305,"date":"2021-09-23T13:59:19","date_gmt":"2021-09-23T10:59:19","guid":{"rendered":"https:\/\/www.indir.com\/haber\/?page_id=1305"},"modified":"2022-09-08T16:06:39","modified_gmt":"2022-09-08T13:06:39","slug":"kullanim-sartlari","status":"publish","type":"page","link":"https:\/\/www.indir.com\/haber\/kullanim-sartlari\/","title":{"rendered":"Kullan\u0131m \u015eartlar\u0131"},"content":{"rendered":"\n<h1 class=\"wp-block-heading\">Kullan\u0131m \u015eartlar\u0131<\/h1>\n\n\n\n<h2 class=\"wp-block-heading\">Bu sayfada indir.com kullan\u0131m \u015fartlar\u0131 bulunmaktad\u0131r. T\u00fcm \u00fcyeler ve ziyaret\u00e7ilerimiz bu kullan\u0131m \u015fartlar\u0131n\u0131 kabul etmi\u015f say\u0131l\u0131r. L\u00fctfen dikkatlice okuyunuz.<\/h2>\n\n\n\n<p>Sitemizde bulunan kullan\u0131m \u015fartlar\u0131n\u0131, t\u00fcm ziyaret\u00e7i ve \u00fcyelerimiz kabul etmi\u015f say\u0131l\u0131r.<\/p>\n\n\n\n<p>Sitemize \u00fcye oldu\u011funuz takdirde kay\u0131t esnas\u0131nda vermi\u015f oldu\u011funuz bilgilerin do\u011frulu\u011funu ve g\u00fcncelli\u011fini kabul etmi\u015f say\u0131l\u0131rs\u0131n\u0131z.<\/p>\n\n\n\n<p>\u00dcyeli\u011finiz, vermi\u015f oldu\u011funuz bilgilerde yanl\u0131\u015fl\u0131k tespit edilirse veya kurallara ayk\u0131r\u0131 hareket etti\u011finiz g\u00f6r\u00fcl\u00fcrse y\u00f6netim taraf\u0131ndan haber verilmeksizin silinebilir.<\/p>\n\n\n\n<p>\u00dcyeler, kaydettikleri programlardan olu\u015fabilecek veri kayb\u0131ndan dolay\u0131 indir.com&#8217;u sorumlu tutamazlar.<\/p>\n\n\n\n<p>\u0130ndirilen programlar vir\u00fcs taramas\u0131ndan ge\u00e7irilmi\u015f olmas\u0131na ra\u011fmen tekrar vir\u00fcs taramas\u0131ndan ge\u00e7irmek \u00fcyenin veya ziyaret\u00e7inin sorumlulu\u011fundad\u0131r.<\/p>\n\n\n\n<p>\u00dcyeler, T\u00fcrkiye Cumhuriyeti yasalar\u0131 ve uluslararas\u0131 s\u00f6zle\u015fmelerle kabul edilen ilke ve kurallara uymak durumundad\u0131r.<\/p>\n\n\n\n<p>\u00dcyeler, ba\u015fka hizmet ve internet sitelerin reklamlar\u0131n\u0131 izin almadan yapamazlar.<\/p>\n\n\n\n<p>\u00dcyeler, indir.com&#8217;un vermi\u015f oldu\u011fu hizmetlerde her t\u00fcrl\u00fc tasarrufun site y\u00f6netiminde oldu\u011funu kabul eder.<\/p>\n\n\n\n<p>indir.com, sitedeki bilgileri istedi\u011fi gibi \u00e7o\u011faltma, da\u011f\u0131tma ve sergileme hakk\u0131n\u0131 sakl\u0131 tutar.<\/p>\n\n\n\n<p>indir.com, sitenin yay\u0131n\u0131n\u0131 istedi\u011finiz zaman durdurma ve sonland\u0131rma hakk\u0131n\u0131 sakl\u0131 tutar. Bu konu dahilinde hi\u00e7bir sorumluluk kabul etmez.<\/p>\n\n\n\n<p>indir.com, bu s\u00f6zle\u015fmeye ilave maddeler ekleme ve mevcut maddeleri de\u011fi\u015ftirme hakk\u0131n\u0131 sakl\u0131 tutar. \u00dcyeler veya ziyaret\u00e7iler servisleri kullanmaya devam etmeleri durumunda bu maddeleri kabul etmi\u015f say\u0131l\u0131r.<\/p>\n\n\n\n<p>\u00dcye sayfalar\u0131 ile ilgili t\u00fcm sorumluluk \u00fcyelerin kendisine aittir, bu nedenle indir.com herhangi bir sorumluluk kabul etmez.<\/p>\n\n\n\n<p>Kullan\u0131m \u015fartlar\u0131, T\u00fcrkiye Cumhuriyeti yasalar\u0131na uygun olarak haz\u0131rlanm\u0131\u015f bir anla\u015fmad\u0131r. Bu anla\u015fman\u0131n maddelerinden bir veya bir ka\u00e7 tanesi yasad\u0131\u015f\u0131, ge\u00e7ersiz veya ba\u015fka bir sebepten dolay\u0131 yasal a\u00e7\u0131dan uygulanamayacak durumda ise s\u00f6z konusu madde bu anla\u015fmadan \u00e7\u0131kar\u0131l\u0131r ve kalan maddelerin ge\u00e7erlili\u011fi yasal a\u00e7\u0131dan uygulanabilirli\u011fini etkilemez.<\/p>\n\n\n\n<p>\u0130\u015f bu s\u00f6zle\u015fmenin uygulanmas\u0131 esnas\u0131nda olu\u015facak her t\u00fcrl\u00fc uyu\u015fmazl\u0131k durumunun \u00e7\u00f6z\u00fcm\u00fcnde \u0130stanbul Mahkemeleri ve \u0130cra Daireleri yetkilidir.<\/p>\n","protected":false},"excerpt":{"rendered":"<p>Kullan\u0131m \u015eartlar\u0131 Bu sayfada indir.com kullan\u0131m \u015fartlar\u0131 bulunmaktad\u0131r. T\u00fcm \u00fcyeler ve ziyaret\u00e7ilerimiz bu kullan\u0131m \u015fartlar\u0131n\u0131 kabul etmi\u015f say\u0131l\u0131r. L\u00fctfen dikkatlice okuyunuz. Sitemizde bulunan kullan\u0131m \u015fartlar\u0131n\u0131, t\u00fcm ziyaret\u00e7i ve \u00fcyelerimiz kabul etmi\u015f say\u0131l\u0131r. Sitemize \u00fcye oldu\u011funuz takdirde kay\u0131t esnas\u0131nda vermi\u015f oldu\u011funuz bilgilerin do\u011frulu\u011funu ve g\u00fcncelli\u011fini kabul etmi\u015f say\u0131l\u0131rs\u0131n\u0131z. \u00dcyeli\u011finiz, vermi\u015f oldu\u011funuz bilgilerde yanl\u0131\u015fl\u0131k tespit edilirse veya [&hellip;]<\/p>\n","protected":false},"author":1,"featured_media":0,"parent":0,"menu_order":0,"comment_status":"closed","ping_status":"closed","template":"","meta":{"footnotes":""},"class_list":["post-1305","page","type-page","status-publish","hentry"],"_links":{"self":[{"href":"https:\/\/www.indir.com\/haber\/wp-json\/wp\/v2\/pages\/1305","targetHints":{"allow":["GET"]}}],"collection":[{"href":"https:\/\/www.indir.com\/haber\/wp-json\/wp\/v2\/pages"}],"about":[{"href":"https:\/\/www.indir.com\/haber\/wp-json\/wp\/v2\/types\/page"}],"author":[{"embeddable":true,"href":"https:\/\/www.indir.com\/haber\/wp-json\/wp\/v2\/users\/1"}],"replies":[{"embeddable":true,"href":"https:\/\/www.indir.com\/haber\/wp-json\/wp\/v2\/comments?post=1305"}],"version-history":[{"count":0,"href":"https:\/\/www.indir.com\/haber\/wp-json\/wp\/v2\/pages\/1305\/revisions"}],"wp:attachment":[{"href":"https:\/\/www.indir.com\/haber\/wp-json\/wp\/v2\/media?parent=1305"}],"curies":[{"name":"wp","href":"https:\/\/api.w.org\/{rel}","templated":true}]}}