{"id":1303,"date":"2021-09-23T13:56:10","date_gmt":"2021-09-23T10:56:10","guid":{"rendered":"https:\/\/www.indir.com\/haber\/?page_id=1303"},"modified":"2022-09-08T17:22:23","modified_gmt":"2022-09-08T14:22:23","slug":"gizlilik-sozlesmesi","status":"publish","type":"page","link":"https:\/\/www.indir.com\/haber\/gizlilik-sozlesmesi\/","title":{"rendered":"Gizlilik S\u00f6zle\u015fmesi"},"content":{"rendered":"\n<h1 class=\"wp-block-heading\">Gizlilik S\u00f6zle\u015fmesi<\/h1>\n\n\n\n<h2 class=\"wp-block-heading\"><strong>\u0130lgi alan\u0131na dayal\u0131 reklamc\u0131l\u0131k<\/strong><\/h2>\n\n\n\n<p>indir.com&nbsp;<strong>Google Adsense<\/strong>&nbsp;reklamlar\u0131n\u0131n yay\u0131nc\u0131s\u0131d\u0131r. Google \u00fc\u00e7\u00fcnc\u00fc taraf sat\u0131c\u0131s\u0131 olarak indir.com&#8217;da reklam yay\u0131nlamak i\u00e7in \u00e7erezlerden yararlan\u0131r. Bu sebep ile hem Google hemde&nbsp;<a href=\"https:\/\/www.doubleclick.com\/privacy\/faq.aspx\" target=\"_blank\" rel=\"noopener\">DoubleClick DART<\/a>&nbsp;\u00e7erezi kullanmaktad\u0131r. Bu sayede kullan\u0131c\u0131lar\u0131n\u0131n ilgi alanlar\u0131na g\u00f6re reklam yay\u0131nlama tekni\u011fini kullanmaktad\u0131r. Ziyaret\u00e7ilerimiz ve \u00fcyelerimiz Google Reklam ve i\u00e7erik a\u011f\u0131 ve gizlilik a\u011f\u0131 politikas\u0131n\u0131n yay\u0131nland\u0131\u011f\u0131&nbsp;<a href=\"https:\/\/www.google.com\/privacy_ads.html\" target=\"_blank\" rel=\"noopener\">Reklamc\u0131l\u0131k ve Gizlilik &#8211; Google Gizlilik Merkezi<\/a>&nbsp;web adresini ziyaret ederek DART \u00e7erezinin kullanmam\u0131z\u0131 engelleyebilirler.<\/p>\n\n\n\n<p>Web sitemizi ziyaret etti\u011finiz zamanlarda reklam hizmeti vermek i\u00e7in \u00fc\u00e7\u00fcnc\u00fc taraf reklam \u015firketlerini kullanmaktay\u0131z. S\u00f6z konusu \u015firketler, bu sitelere ve di\u011fer web sitelerine yapt\u0131\u011f\u0131n\u0131z ziyaretlerden elde ettikleri&nbsp;<strong>(\u00f6zel bilgileriniz d\u0131\u015f\u0131ndaki)<\/strong>&nbsp;bilgileri ilginizi \u00e7ekecek \u00fcr\u00fcn ve hizmetlerin reklam\u0131n\u0131 size g\u00f6stermek i\u00e7in kullanabilir. Bu uygulama hakk\u0131nda bilgi edinmek i\u00e7in ve s\u00f6z konusu bilgilerin bu \u015firketler taraf\u0131ndan kullan\u0131lmas\u0131n\u0131 engellemek \u00fczere se\u00e7eneklerinizin neler oldu\u011funu \u00f6\u011frenmek isterseniz bu linkten PDF dosyas\u0131n\u0131 indirerek belgenin A ekinden daha fazla bilgiye ula\u015fabilirsiniz&nbsp;<a href=\"https:\/\/www.networkadvertising.org\/pdfs\/NAI_principles.pdf\" target=\"_blank\" rel=\"noopener\">Belge i\u00e7in<\/a>.<br><strong><br>Log Dosyalar\u0131<\/strong><br>Bir\u00e7ok standard web sunucusunda oldu\u011fu gibi indir.com &#8216;da istatistiksel ama\u00e7l\u0131 log dosyalar\u0131 kayd\u0131 tutmaktad\u0131r. Bu dosyalar; ip adresiniz, internet servis sa\u011flay\u0131c\u0131n\u0131z, taray\u0131c\u0131n\u0131z\u0131n \u00f6zellikleri, i\u015fletim sisteminiz ve siteye giri\u015f-\u00e7\u0131k\u0131\u015f sayfalar\u0131n\u0131z gibi standard bilgileri i\u00e7ermektedir. Log dosyalar\u0131 kesinlikle istatistiksel ama\u00e7lar d\u0131\u015f\u0131nda kullan\u0131lmamakta ve mahremiyetinizi ihlal etmemektedir. Ip adresiniz ve di\u011fer bilgiler, \u015fahsi bilgileriniz ile ili\u015fkilendirilmemektedir. indir.com istatistik hizmetleri&nbsp;<a href=\"https:\/\/www.google.com\/analytics\/\" target=\"_blank\" rel=\"noopener\">Google Analytics<\/a>&nbsp;teknolojisini kullanmaktad\u0131r.<br><strong><br>\u00c7erezler<\/strong><br>&#8220;\u00c7erez&#8221; kelimesi web sayfas\u0131 sunucusunun sizin bilgisayar\u0131n\u0131z\u0131n hard diskine yerle\u015ftirdi\u011fi ufak bir text dosyas\u0131n\u0131 tan\u0131mlamak i\u00e7in kullan\u0131lmaktad\u0131r. Sitemizin baz\u0131 b\u00f6l\u00fcmlerinde kullan\u0131c\u0131 kolayl\u0131\u011f\u0131 sa\u011flamak i\u00e7in \u00e7erez kullan\u0131l\u0131yor olabilir. Ayr\u0131ca sitede mevcut bulunan reklamlar arac\u0131l\u0131\u011f\u0131yla, reklam verilerinin toplanmas\u0131 i\u00e7in cookie ve web beacon kullan\u0131l\u0131yor olabilir. Bu tamamen sizin izninizle ger\u00e7ekle\u015fiyor olup, iste\u011finiz dahilinde internet taray\u0131c\u0131n\u0131z\u0131n ayarlar\u0131n\u0131 de\u011fi\u015ftirerek bunu engellemeniz m\u00fcmk\u00fcnd\u00fcr.<br><br><strong>D\u0131\u015f Ba\u011flant\u0131lar<\/strong><br>indir.com sitesi, internetin do\u011fas\u0131 gere\u011fi bir\u00e7ok farkl\u0131 internet adresine ba\u011flant\u0131 vermektedir. Site \u0130smi link verdi\u011fi, banner tan\u0131t\u0131m\u0131n\u0131 yapt\u0131\u011f\u0131 sitelerin i\u00e7eriklerinden veya gizlilik prensiplerinden sorumlu de\u011fildir. Burada bahsedilen ba\u011flant\u0131 verme i\u015flemi, hukuki olarak &#8220;at\u0131fta bulunma&#8221; olarak de\u011ferlendirilmektedir.<\/p>\n","protected":false},"excerpt":{"rendered":"<p>Gizlilik S\u00f6zle\u015fmesi \u0130lgi alan\u0131na dayal\u0131 reklamc\u0131l\u0131k indir.com&nbsp;Google Adsense&nbsp;reklamlar\u0131n\u0131n yay\u0131nc\u0131s\u0131d\u0131r. Google \u00fc\u00e7\u00fcnc\u00fc taraf sat\u0131c\u0131s\u0131 olarak indir.com&#8217;da reklam yay\u0131nlamak i\u00e7in \u00e7erezlerden yararlan\u0131r. Bu sebep ile hem Google hemde&nbsp;DoubleClick DART&nbsp;\u00e7erezi kullanmaktad\u0131r. Bu sayede kullan\u0131c\u0131lar\u0131n\u0131n ilgi alanlar\u0131na g\u00f6re reklam yay\u0131nlama tekni\u011fini kullanmaktad\u0131r. Ziyaret\u00e7ilerimiz ve \u00fcyelerimiz Google Reklam ve i\u00e7erik a\u011f\u0131 ve gizlilik a\u011f\u0131 politikas\u0131n\u0131n yay\u0131nland\u0131\u011f\u0131&nbsp;Reklamc\u0131l\u0131k ve Gizlilik &#8211; Google [&hellip;]<\/p>\n","protected":false},"author":1,"featured_media":0,"parent":0,"menu_order":0,"comment_status":"closed","ping_status":"closed","template":"","meta":{"footnotes":""},"class_list":["post-1303","page","type-page","status-publish","hentry"],"_links":{"self":[{"href":"https:\/\/www.indir.com\/haber\/wp-json\/wp\/v2\/pages\/1303","targetHints":{"allow":["GET"]}}],"collection":[{"href":"https:\/\/www.indir.com\/haber\/wp-json\/wp\/v2\/pages"}],"about":[{"href":"https:\/\/www.indir.com\/haber\/wp-json\/wp\/v2\/types\/page"}],"author":[{"embeddable":true,"href":"https:\/\/www.indir.com\/haber\/wp-json\/wp\/v2\/users\/1"}],"replies":[{"embeddable":true,"href":"https:\/\/www.indir.com\/haber\/wp-json\/wp\/v2\/comments?post=1303"}],"version-history":[{"count":0,"href":"https:\/\/www.indir.com\/haber\/wp-json\/wp\/v2\/pages\/1303\/revisions"}],"wp:attachment":[{"href":"https:\/\/www.indir.com\/haber\/wp-json\/wp\/v2\/media?parent=1303"}],"curies":[{"name":"wp","href":"https:\/\/api.w.org\/{rel}","templated":true}]}}